{"id":29,"date":"2019-12-13T13:05:49","date_gmt":"2019-12-13T13:05:49","guid":{"rendered":"https:\/\/robinasteyer.com\/?page_id=29"},"modified":"2022-09-03T18:44:27","modified_gmt":"2022-09-03T18:44:27","slug":"robina","status":"publish","type":"page","link":"https:\/\/robinasteyer.com\/index.php\/robina\/","title":{"rendered":"Dozentin\/Mentorin\/ Regie"},"content":{"rendered":"\n<p><strong>2020<\/strong><\/p>\n\n\n\n<p>K\u00fcnstlerische Leitung des <a href=\"https:\/\/confusionartcollective.ch\">ConFusionArt Collectives<\/a><\/p>\n\n\n\n<p><strong>P\u00e4dagogische T\u00e4tigkeit<\/strong> 2014 &#8211; heute<\/p>\n\n\n\n<p>-Gastdozentin und Mentorin der BFH Hochschule der K\u00fcnste Bern<\/p>\n\n\n\n<p>-Gastdozentin der PHSG P\u00e4dagogische Hochschule St. Gallen<\/p>\n\n\n\n<p>-Dozentin der Theatertanzschule St. Gallen f\u00fcr Zeitgen\u00f6ssischen Tanz und Ballett<\/p>\n\n\n\n<p>-Dozentin f\u00fcr klassischen und modernen Tanz an der Musikschule Landquart und der Musikschule Pr\u00e4ttigau<\/p>\n\n\n\n<p><strong>Regie\/ Regieassistenz<\/strong><\/p>\n\n\n\n<p>-Regieassistenz \u201e\u00a0Die Anschl\u00e4ge von n\u00e4chster Woche\u201c\u00a0Schauspiel Regie: Matthias Rippert Theater St. Gallen<\/p>\n\n\n\n<p>-Regie f\u00fcr \u201cBraune Eva\u2019s\u201d\u00a0Schauspiel zum Thema Antirassismus Theater Seitenzimmer St. Gallen, Theater 62 Z\u00fcrich<\/p>\n","protected":false},"excerpt":{"rendered":"<p>2020 K\u00fcnstlerische Leitung des ConFusionArt Collectives P\u00e4dagogische T\u00e4tigkeit 2014 &#8211; heute -Gastdozentin und Mentorin der BFH Hochschule der K\u00fcnste Bern -Gastdozentin der PHSG P\u00e4dagogische Hochschule St. Gallen -Dozentin der Theatertanzschule St. Gallen f\u00fcr Zeitgen\u00f6ssischen Tanz und Ballett -Dozentin f\u00fcr klassischen und modernen Tanz an der Musikschule Landquart und der Musikschule Pr\u00e4ttigau Regie\/ Regieassistenz -Regieassistenz \u201e\u00a0Die&hellip; <a class=\"more-link\" href=\"https:\/\/robinasteyer.com\/index.php\/robina\/\">Continue reading <span class=\"screen-reader-text\">Dozentin\/Mentorin\/ Regie<\/span><\/a><\/p>\n","protected":false},"author":1,"featured_media":252,"parent":0,"menu_order":0,"comment_status":"closed","ping_status":"closed","template":"","meta":{"footnotes":""},"class_list":["post-29","page","type-page","status-publish","has-post-thumbnail","hentry","entry"],"yoast_head":"<!-- This site is optimized with the Yoast SEO plugin v27.4 - https:\/\/yoast.com\/product\/yoast-seo-wordpress\/ -->\n<title>Dozentin\/Mentorin\/ Regie - Robina Steyer<\/title>\n<meta name=\"robots\" content=\"index, follow, max-snippet:-1, max-image-preview:large, max-video-preview:-1\" \/>\n<link rel=\"canonical\" href=\"https:\/\/robinasteyer.com\/index.php\/robina\/\" \/>\n<meta property=\"og:locale\" content=\"de_DE\" \/>\n<meta property=\"og:type\" content=\"article\" \/>\n<meta property=\"og:title\" content=\"Dozentin\/Mentorin\/ Regie - Robina Steyer\" \/>\n<meta property=\"og:description\" content=\"2020 K\u00fcnstlerische Leitung des ConFusionArt Collectives P\u00e4dagogische T\u00e4tigkeit 2014 &#8211; heute -Gastdozentin und Mentorin der BFH Hochschule der K\u00fcnste Bern -Gastdozentin der PHSG P\u00e4dagogische Hochschule St. Gallen -Dozentin der Theatertanzschule St. Gallen f\u00fcr Zeitgen\u00f6ssischen Tanz und Ballett -Dozentin f\u00fcr klassischen und modernen Tanz an der Musikschule Landquart und der Musikschule Pr\u00e4ttigau Regie\/ Regieassistenz -Regieassistenz \u201e\u00a0Die&hellip; Continue reading Dozentin\/Mentorin\/ Regie\" \/>\n<meta property=\"og:url\" content=\"https:\/\/robinasteyer.com\/index.php\/robina\/\" \/>\n<meta property=\"og:site_name\" content=\"Robina Steyer\" \/>\n<meta property=\"article:modified_time\" content=\"2022-09-03T18:44:27+00:00\" \/>\n<meta property=\"og:image\" content=\"https:\/\/robinasteyer.com\/wp-content\/uploads\/2020\/02\/20170909_MUSEUMSNACHT_KUNSTMUSEUM_ST_GALLEN_564-scaled.jpg\" \/>\n\t<meta property=\"og:image:width\" content=\"2560\" \/>\n\t<meta property=\"og:image:height\" content=\"1707\" \/>\n\t<meta property=\"og:image:type\" content=\"image\/jpeg\" \/>\n<meta name=\"twitter:card\" content=\"summary_large_image\" \/>\n<meta name=\"twitter:label1\" content=\"Gesch\u00e4tzte Lesezeit\" \/>\n\t<meta name=\"twitter:data1\" content=\"1\u00a0Minute\" \/>\n<script type=\"application\/ld+json\" class=\"yoast-schema-graph\">{\"@context\":\"https:\\\/\\\/schema.org\",\"@graph\":[{\"@type\":\"WebPage\",\"@id\":\"https:\\\/\\\/robinasteyer.com\\\/index.php\\\/robina\\\/\",\"url\":\"https:\\\/\\\/robinasteyer.com\\\/index.php\\\/robina\\\/\",\"name\":\"Dozentin\\\/Mentorin\\\/ Regie - Robina Steyer\",\"isPartOf\":{\"@id\":\"https:\\\/\\\/robinasteyer.com\\\/#website\"},\"primaryImageOfPage\":{\"@id\":\"https:\\\/\\\/robinasteyer.com\\\/index.php\\\/robina\\\/#primaryimage\"},\"image\":{\"@id\":\"https:\\\/\\\/robinasteyer.com\\\/index.php\\\/robina\\\/#primaryimage\"},\"thumbnailUrl\":\"https:\\\/\\\/robinasteyer.com\\\/wp-content\\\/uploads\\\/2020\\\/02\\\/20170909_MUSEUMSNACHT_KUNSTMUSEUM_ST_GALLEN_564-scaled.jpg\",\"datePublished\":\"2019-12-13T13:05:49+00:00\",\"dateModified\":\"2022-09-03T18:44:27+00:00\",\"breadcrumb\":{\"@id\":\"https:\\\/\\\/robinasteyer.com\\\/index.php\\\/robina\\\/#breadcrumb\"},\"inLanguage\":\"de-CH\",\"potentialAction\":[{\"@type\":\"ReadAction\",\"target\":[\"https:\\\/\\\/robinasteyer.com\\\/index.php\\\/robina\\\/\"]}]},{\"@type\":\"ImageObject\",\"inLanguage\":\"de-CH\",\"@id\":\"https:\\\/\\\/robinasteyer.com\\\/index.php\\\/robina\\\/#primaryimage\",\"url\":\"https:\\\/\\\/robinasteyer.com\\\/wp-content\\\/uploads\\\/2020\\\/02\\\/20170909_MUSEUMSNACHT_KUNSTMUSEUM_ST_GALLEN_564-scaled.jpg\",\"contentUrl\":\"https:\\\/\\\/robinasteyer.com\\\/wp-content\\\/uploads\\\/2020\\\/02\\\/20170909_MUSEUMSNACHT_KUNSTMUSEUM_ST_GALLEN_564-scaled.jpg\",\"width\":2560,\"height\":1707,\"caption\":\"St. Gallen, Schweiz, 9. September 2017 - Museumsnacht Kunstmuseum St. Gallen.\"},{\"@type\":\"BreadcrumbList\",\"@id\":\"https:\\\/\\\/robinasteyer.com\\\/index.php\\\/robina\\\/#breadcrumb\",\"itemListElement\":[{\"@type\":\"ListItem\",\"position\":1,\"name\":\"Home\",\"item\":\"https:\\\/\\\/robinasteyer.com\\\/\"},{\"@type\":\"ListItem\",\"position\":2,\"name\":\"Dozentin\\\/Mentorin\\\/ Regie\"}]},{\"@type\":\"WebSite\",\"@id\":\"https:\\\/\\\/robinasteyer.com\\\/#website\",\"url\":\"https:\\\/\\\/robinasteyer.com\\\/\",\"name\":\"Robina Steyer\",\"description\":\"\",\"potentialAction\":[{\"@type\":\"SearchAction\",\"target\":{\"@type\":\"EntryPoint\",\"urlTemplate\":\"https:\\\/\\\/robinasteyer.com\\\/?s={search_term_string}\"},\"query-input\":{\"@type\":\"PropertyValueSpecification\",\"valueRequired\":true,\"valueName\":\"search_term_string\"}}],\"inLanguage\":\"de-CH\"}]}<\/script>\n<!-- \/ Yoast SEO plugin. -->","yoast_head_json":{"title":"Dozentin\/Mentorin\/ Regie - Robina Steyer","robots":{"index":"index","follow":"follow","max-snippet":"max-snippet:-1","max-image-preview":"max-image-preview:large","max-video-preview":"max-video-preview:-1"},"canonical":"https:\/\/robinasteyer.com\/index.php\/robina\/","og_locale":"de_DE","og_type":"article","og_title":"Dozentin\/Mentorin\/ Regie - Robina Steyer","og_description":"2020 K\u00fcnstlerische Leitung des ConFusionArt Collectives P\u00e4dagogische T\u00e4tigkeit 2014 &#8211; heute -Gastdozentin und Mentorin der BFH Hochschule der K\u00fcnste Bern -Gastdozentin der PHSG P\u00e4dagogische Hochschule St. Gallen -Dozentin der Theatertanzschule St. Gallen f\u00fcr Zeitgen\u00f6ssischen Tanz und Ballett -Dozentin f\u00fcr klassischen und modernen Tanz an der Musikschule Landquart und der Musikschule Pr\u00e4ttigau Regie\/ Regieassistenz -Regieassistenz \u201e\u00a0Die&hellip; Continue reading Dozentin\/Mentorin\/ Regie","og_url":"https:\/\/robinasteyer.com\/index.php\/robina\/","og_site_name":"Robina Steyer","article_modified_time":"2022-09-03T18:44:27+00:00","og_image":[{"width":2560,"height":1707,"url":"https:\/\/robinasteyer.com\/wp-content\/uploads\/2020\/02\/20170909_MUSEUMSNACHT_KUNSTMUSEUM_ST_GALLEN_564-scaled.jpg","type":"image\/jpeg"}],"twitter_card":"summary_large_image","twitter_misc":{"Gesch\u00e4tzte Lesezeit":"1\u00a0Minute"},"schema":{"@context":"https:\/\/schema.org","@graph":[{"@type":"WebPage","@id":"https:\/\/robinasteyer.com\/index.php\/robina\/","url":"https:\/\/robinasteyer.com\/index.php\/robina\/","name":"Dozentin\/Mentorin\/ Regie - Robina Steyer","isPartOf":{"@id":"https:\/\/robinasteyer.com\/#website"},"primaryImageOfPage":{"@id":"https:\/\/robinasteyer.com\/index.php\/robina\/#primaryimage"},"image":{"@id":"https:\/\/robinasteyer.com\/index.php\/robina\/#primaryimage"},"thumbnailUrl":"https:\/\/robinasteyer.com\/wp-content\/uploads\/2020\/02\/20170909_MUSEUMSNACHT_KUNSTMUSEUM_ST_GALLEN_564-scaled.jpg","datePublished":"2019-12-13T13:05:49+00:00","dateModified":"2022-09-03T18:44:27+00:00","breadcrumb":{"@id":"https:\/\/robinasteyer.com\/index.php\/robina\/#breadcrumb"},"inLanguage":"de-CH","potentialAction":[{"@type":"ReadAction","target":["https:\/\/robinasteyer.com\/index.php\/robina\/"]}]},{"@type":"ImageObject","inLanguage":"de-CH","@id":"https:\/\/robinasteyer.com\/index.php\/robina\/#primaryimage","url":"https:\/\/robinasteyer.com\/wp-content\/uploads\/2020\/02\/20170909_MUSEUMSNACHT_KUNSTMUSEUM_ST_GALLEN_564-scaled.jpg","contentUrl":"https:\/\/robinasteyer.com\/wp-content\/uploads\/2020\/02\/20170909_MUSEUMSNACHT_KUNSTMUSEUM_ST_GALLEN_564-scaled.jpg","width":2560,"height":1707,"caption":"St. Gallen, Schweiz, 9. September 2017 - Museumsnacht Kunstmuseum St. Gallen."},{"@type":"BreadcrumbList","@id":"https:\/\/robinasteyer.com\/index.php\/robina\/#breadcrumb","itemListElement":[{"@type":"ListItem","position":1,"name":"Home","item":"https:\/\/robinasteyer.com\/"},{"@type":"ListItem","position":2,"name":"Dozentin\/Mentorin\/ Regie"}]},{"@type":"WebSite","@id":"https:\/\/robinasteyer.com\/#website","url":"https:\/\/robinasteyer.com\/","name":"Robina Steyer","description":"","potentialAction":[{"@type":"SearchAction","target":{"@type":"EntryPoint","urlTemplate":"https:\/\/robinasteyer.com\/?s={search_term_string}"},"query-input":{"@type":"PropertyValueSpecification","valueRequired":true,"valueName":"search_term_string"}}],"inLanguage":"de-CH"}]}},"_links":{"self":[{"href":"https:\/\/robinasteyer.com\/index.php\/wp-json\/wp\/v2\/pages\/29","targetHints":{"allow":["GET"]}}],"collection":[{"href":"https:\/\/robinasteyer.com\/index.php\/wp-json\/wp\/v2\/pages"}],"about":[{"href":"https:\/\/robinasteyer.com\/index.php\/wp-json\/wp\/v2\/types\/page"}],"author":[{"embeddable":true,"href":"https:\/\/robinasteyer.com\/index.php\/wp-json\/wp\/v2\/users\/1"}],"replies":[{"embeddable":true,"href":"https:\/\/robinasteyer.com\/index.php\/wp-json\/wp\/v2\/comments?post=29"}],"version-history":[{"count":17,"href":"https:\/\/robinasteyer.com\/index.php\/wp-json\/wp\/v2\/pages\/29\/revisions"}],"predecessor-version":[{"id":514,"href":"https:\/\/robinasteyer.com\/index.php\/wp-json\/wp\/v2\/pages\/29\/revisions\/514"}],"wp:featuredmedia":[{"embeddable":true,"href":"https:\/\/robinasteyer.com\/index.php\/wp-json\/wp\/v2\/media\/252"}],"wp:attachment":[{"href":"https:\/\/robinasteyer.com\/index.php\/wp-json\/wp\/v2\/media?parent=29"}],"curies":[{"name":"wp","href":"https:\/\/api.w.org\/{rel}","templated":true}]}}