{"id":31,"date":"2019-12-13T13:06:13","date_gmt":"2019-12-13T13:06:13","guid":{"rendered":"https:\/\/robinasteyer.com\/?page_id=31"},"modified":"2025-09-28T14:12:31","modified_gmt":"2025-09-28T14:12:31","slug":"roby","status":"publish","type":"page","link":"https:\/\/robinasteyer.com\/","title":{"rendered":"Robina Steyer"},"content":{"rendered":"\n<p>Robina Steyer arbeitet als freischaffende Choreografin, Dozentin und T\u00e4nzerin. Sie absolvierte ihre Ausbildung an der Staatlichen Ballettschule Berlin und an der Hochschule f\u00fcr Musik und Tanz in K\u00f6ln. Es folgten Engagements an zahlreichen Theatern u.a. an das Theater L\u00fcneburg, an das Stadttheater Giessen, an die Bonner Oper und an die Deutsche Oper am Rhein. Von 2014 bis 2019 war sie Solistin der Tanzkompanie des Theaters St. Gallen.<\/p>\n\n\n\n<p>Ihre eigenen Arbeiten wurden u.a. am Theater L\u00fcneburg, am Theater sowie Kunstmuseum St. Gallen, beim Kunstfestival Perspektiven Attersee, bei der Bonner Theaternacht und in Tokio gezeigt. Sie erarbeitete Choreografien f\u00fcr Opern, Operetten und Musicals am Staatstheater Braunschweig, am Theater St. Gallen, f\u00fcr die Operette Vaduz, die Operette Sirnach und am See Burgtheater Kreuzlingen. Robina choreografierte die Musicals &#171;My fair Lady&#187;, &#171;La Cage aux Folles&#187;, &#171;Die Schweizermacher&#187;, &#171;Lysistrata&#187;, &#171;Kiss me, Kate&#187; und &#171;Prometheus&#187;.<\/p>\n\n\n\n<p>Sie ist Gastdozentin an der P\u00e4dagogischen Hochschule St. Gallen und an der PHSH Schaffhausen.<\/p>\n\n\n\n<p>An der Musikschule Landquart und Pr\u00e4ttigau ist sie als feste Dozentin engagiert und unterrichtet Klassisches Ballett, Spitze, Klassische Variation, zeitgen\u00f6ssischen Tanz, Choreografie und Kindertanz. Robina ist ausgebildete J &amp; S Trainerin der Schweiz.<\/p>\n\n\n\n<p>Robina hat die choreografische Gesamtleitung f\u00fcr zahlreiche St\u00fccke \u00fcbernommen, unter anderem beim Festival Vaduz Classic 2019 und 2023. Ausserdem erschuf sie St\u00fccke f\u00fcr das Theater St. Gallen, so zum Beispiel &#171;R\u00e4uber sein ist ganz sch\u00f6n schwer&#187; und &#171;Sandkorn&#187;. Zusammen mit Stefanie Fischer und Maximilian N\u00e4scher leitet Robina das <a href=\"https:\/\/confusionartcollective.ch\">ConFusionArt Collective<\/a> in St. Gallen und erschafft St\u00fccke mit sozialkritischen Hintergrund. So zum Beispiel #optimizemyselves, das den Druck zur Selbstoptimierung aufzeigt. Im Fr\u00fchjahr 2023 ging das St\u00fcck <a href=\"https:\/\/zyklusxx.ch\" target=\"_blank\" rel=\"noreferrer noopener\">Zyklus XX<\/a> auf Tour, welches den weiblichen Zyklus behandelt. Der Film zum St\u00fcck erhielt zahlreiche internationale Preise.<\/p>\n\n\n\n<p>Seit 2023 engagiert sich Robina f\u00fcr den Tanz in der Stadt Chur als Pr\u00e4sidentin des Vereins <a href=\"https:\/\/www.chur-tanzt.ch\">Chur tanzt<\/a>. 2024 wurde Zyklus XX mit Sch\u00fclerinnen f\u00fcr Chur tanzt neu bearbeitet und choreografiert. 2025 und 2027 unterst\u00fctzt sie das Festival &#171;Sprungbrett&#187; des Vereins Chur tanzt.<\/p>\n\n\n\n<p>Am 02.05. 2024 wurde die neueste Kreation &#171;Wiborada-Eine Reise ins Innere der Rebellion&#187; in der Kirche St. Mangen St. Gallen uraufgef\u00fchrt und ging auf internationale Tour.<\/p>\n\n\n\n<p>Im Mai 2025 hatte ihr St\u00fcck <a href=\"https:\/\/vimeo.com\/1085996414\/a18f3eb943?share=copy\">&#171;In 80 Minuten um die Welt&#187; <\/a>Urauff\u00fchrung welches sie gemeinsam mit dem Regisseur Giuseppe Spina inszenierte.<\/p>\n\n\n\n<p>Derzeit absolviert sie ein Masterstudium dance and science an der Universit\u00e4t Bern.<\/p>\n\n\n\n<p><\/p>\n\n\n\n<p><\/p>\n\n\n\n<p><\/p>\n\n\n\n<p><\/p>\n\n\n\n<p><\/p>\n","protected":false},"excerpt":{"rendered":"<p>Robina Steyer arbeitet als freischaffende Choreografin, Dozentin und T\u00e4nzerin. Sie absolvierte ihre Ausbildung an der Staatlichen Ballettschule Berlin und an der Hochschule f\u00fcr Musik und Tanz in K\u00f6ln. Es folgten Engagements an zahlreichen Theatern u.a. an das Theater L\u00fcneburg, an das Stadttheater Giessen, an die Bonner Oper und an die Deutsche Oper am Rhein. Von&hellip; <a class=\"more-link\" href=\"https:\/\/robinasteyer.com\/\">Continue reading <span class=\"screen-reader-text\">Robina Steyer<\/span><\/a><\/p>\n","protected":false},"author":1,"featured_media":522,"parent":0,"menu_order":0,"comment_status":"closed","ping_status":"closed","template":"","meta":{"footnotes":""},"class_list":["post-31","page","type-page","status-publish","has-post-thumbnail","hentry","entry"],"yoast_head":"<!-- This site is optimized with the Yoast SEO plugin v27.4 - https:\/\/yoast.com\/product\/yoast-seo-wordpress\/ -->\n<title>Robina Steyer - Robina Steyer<\/title>\n<meta name=\"robots\" content=\"index, follow, max-snippet:-1, max-image-preview:large, max-video-preview:-1\" \/>\n<link rel=\"canonical\" href=\"https:\/\/robinasteyer.com\/\" \/>\n<meta property=\"og:locale\" content=\"de_DE\" \/>\n<meta property=\"og:type\" content=\"article\" \/>\n<meta property=\"og:title\" content=\"Robina Steyer - Robina Steyer\" \/>\n<meta property=\"og:description\" content=\"Robina Steyer arbeitet als freischaffende Choreografin, Dozentin und T\u00e4nzerin. Sie absolvierte ihre Ausbildung an der Staatlichen Ballettschule Berlin und an der Hochschule f\u00fcr Musik und Tanz in K\u00f6ln. Es folgten Engagements an zahlreichen Theatern u.a. an das Theater L\u00fcneburg, an das Stadttheater Giessen, an die Bonner Oper und an die Deutsche Oper am Rhein. Von&hellip; Continue reading Robina Steyer\" \/>\n<meta property=\"og:url\" content=\"https:\/\/robinasteyer.com\/\" \/>\n<meta property=\"og:site_name\" content=\"Robina Steyer\" \/>\n<meta property=\"article:modified_time\" content=\"2025-09-28T14:12:31+00:00\" \/>\n<meta property=\"og:image\" content=\"https:\/\/robinasteyer.com\/wp-content\/uploads\/2023\/01\/@-Caroline-Staeger-2022-AF575-489-scaled.jpg\" \/>\n\t<meta property=\"og:image:width\" content=\"2560\" \/>\n\t<meta property=\"og:image:height\" content=\"1707\" \/>\n\t<meta property=\"og:image:type\" content=\"image\/jpeg\" \/>\n<meta name=\"twitter:card\" content=\"summary_large_image\" \/>\n<meta name=\"twitter:label1\" content=\"Gesch\u00e4tzte Lesezeit\" \/>\n\t<meta name=\"twitter:data1\" content=\"3\u00a0Minuten\" \/>\n<script type=\"application\/ld+json\" class=\"yoast-schema-graph\">{\"@context\":\"https:\\\/\\\/schema.org\",\"@graph\":[{\"@type\":\"WebPage\",\"@id\":\"https:\\\/\\\/robinasteyer.com\\\/\",\"url\":\"https:\\\/\\\/robinasteyer.com\\\/\",\"name\":\"Robina Steyer - Robina Steyer\",\"isPartOf\":{\"@id\":\"https:\\\/\\\/robinasteyer.com\\\/#website\"},\"primaryImageOfPage\":{\"@id\":\"https:\\\/\\\/robinasteyer.com\\\/#primaryimage\"},\"image\":{\"@id\":\"https:\\\/\\\/robinasteyer.com\\\/#primaryimage\"},\"thumbnailUrl\":\"https:\\\/\\\/robinasteyer.com\\\/wp-content\\\/uploads\\\/2023\\\/01\\\/@-Caroline-Staeger-2022-AF575-489-scaled.jpg\",\"datePublished\":\"2019-12-13T13:06:13+00:00\",\"dateModified\":\"2025-09-28T14:12:31+00:00\",\"breadcrumb\":{\"@id\":\"https:\\\/\\\/robinasteyer.com\\\/#breadcrumb\"},\"inLanguage\":\"de-CH\",\"potentialAction\":[{\"@type\":\"ReadAction\",\"target\":[\"https:\\\/\\\/robinasteyer.com\\\/\"]}]},{\"@type\":\"ImageObject\",\"inLanguage\":\"de-CH\",\"@id\":\"https:\\\/\\\/robinasteyer.com\\\/#primaryimage\",\"url\":\"https:\\\/\\\/robinasteyer.com\\\/wp-content\\\/uploads\\\/2023\\\/01\\\/@-Caroline-Staeger-2022-AF575-489-scaled.jpg\",\"contentUrl\":\"https:\\\/\\\/robinasteyer.com\\\/wp-content\\\/uploads\\\/2023\\\/01\\\/@-Caroline-Staeger-2022-AF575-489-scaled.jpg\",\"width\":2560,\"height\":1707,\"caption\":\"\u00a9Caroline Staeger\"},{\"@type\":\"BreadcrumbList\",\"@id\":\"https:\\\/\\\/robinasteyer.com\\\/#breadcrumb\",\"itemListElement\":[{\"@type\":\"ListItem\",\"position\":1,\"name\":\"Home\",\"item\":\"https:\\\/\\\/robinasteyer.com\\\/\"},{\"@type\":\"ListItem\",\"position\":2,\"name\":\"Robina Steyer\"}]},{\"@type\":\"WebSite\",\"@id\":\"https:\\\/\\\/robinasteyer.com\\\/#website\",\"url\":\"https:\\\/\\\/robinasteyer.com\\\/\",\"name\":\"Robina Steyer\",\"description\":\"\",\"potentialAction\":[{\"@type\":\"SearchAction\",\"target\":{\"@type\":\"EntryPoint\",\"urlTemplate\":\"https:\\\/\\\/robinasteyer.com\\\/?s={search_term_string}\"},\"query-input\":{\"@type\":\"PropertyValueSpecification\",\"valueRequired\":true,\"valueName\":\"search_term_string\"}}],\"inLanguage\":\"de-CH\"}]}<\/script>\n<!-- \/ Yoast SEO plugin. -->","yoast_head_json":{"title":"Robina Steyer - Robina Steyer","robots":{"index":"index","follow":"follow","max-snippet":"max-snippet:-1","max-image-preview":"max-image-preview:large","max-video-preview":"max-video-preview:-1"},"canonical":"https:\/\/robinasteyer.com\/","og_locale":"de_DE","og_type":"article","og_title":"Robina Steyer - Robina Steyer","og_description":"Robina Steyer arbeitet als freischaffende Choreografin, Dozentin und T\u00e4nzerin. Sie absolvierte ihre Ausbildung an der Staatlichen Ballettschule Berlin und an der Hochschule f\u00fcr Musik und Tanz in K\u00f6ln. Es folgten Engagements an zahlreichen Theatern u.a. an das Theater L\u00fcneburg, an das Stadttheater Giessen, an die Bonner Oper und an die Deutsche Oper am Rhein. Von&hellip; Continue reading Robina Steyer","og_url":"https:\/\/robinasteyer.com\/","og_site_name":"Robina Steyer","article_modified_time":"2025-09-28T14:12:31+00:00","og_image":[{"width":2560,"height":1707,"url":"https:\/\/robinasteyer.com\/wp-content\/uploads\/2023\/01\/@-Caroline-Staeger-2022-AF575-489-scaled.jpg","type":"image\/jpeg"}],"twitter_card":"summary_large_image","twitter_misc":{"Gesch\u00e4tzte Lesezeit":"3\u00a0Minuten"},"schema":{"@context":"https:\/\/schema.org","@graph":[{"@type":"WebPage","@id":"https:\/\/robinasteyer.com\/","url":"https:\/\/robinasteyer.com\/","name":"Robina Steyer - Robina Steyer","isPartOf":{"@id":"https:\/\/robinasteyer.com\/#website"},"primaryImageOfPage":{"@id":"https:\/\/robinasteyer.com\/#primaryimage"},"image":{"@id":"https:\/\/robinasteyer.com\/#primaryimage"},"thumbnailUrl":"https:\/\/robinasteyer.com\/wp-content\/uploads\/2023\/01\/@-Caroline-Staeger-2022-AF575-489-scaled.jpg","datePublished":"2019-12-13T13:06:13+00:00","dateModified":"2025-09-28T14:12:31+00:00","breadcrumb":{"@id":"https:\/\/robinasteyer.com\/#breadcrumb"},"inLanguage":"de-CH","potentialAction":[{"@type":"ReadAction","target":["https:\/\/robinasteyer.com\/"]}]},{"@type":"ImageObject","inLanguage":"de-CH","@id":"https:\/\/robinasteyer.com\/#primaryimage","url":"https:\/\/robinasteyer.com\/wp-content\/uploads\/2023\/01\/@-Caroline-Staeger-2022-AF575-489-scaled.jpg","contentUrl":"https:\/\/robinasteyer.com\/wp-content\/uploads\/2023\/01\/@-Caroline-Staeger-2022-AF575-489-scaled.jpg","width":2560,"height":1707,"caption":"\u00a9Caroline Staeger"},{"@type":"BreadcrumbList","@id":"https:\/\/robinasteyer.com\/#breadcrumb","itemListElement":[{"@type":"ListItem","position":1,"name":"Home","item":"https:\/\/robinasteyer.com\/"},{"@type":"ListItem","position":2,"name":"Robina Steyer"}]},{"@type":"WebSite","@id":"https:\/\/robinasteyer.com\/#website","url":"https:\/\/robinasteyer.com\/","name":"Robina Steyer","description":"","potentialAction":[{"@type":"SearchAction","target":{"@type":"EntryPoint","urlTemplate":"https:\/\/robinasteyer.com\/?s={search_term_string}"},"query-input":{"@type":"PropertyValueSpecification","valueRequired":true,"valueName":"search_term_string"}}],"inLanguage":"de-CH"}]}},"_links":{"self":[{"href":"https:\/\/robinasteyer.com\/index.php\/wp-json\/wp\/v2\/pages\/31","targetHints":{"allow":["GET"]}}],"collection":[{"href":"https:\/\/robinasteyer.com\/index.php\/wp-json\/wp\/v2\/pages"}],"about":[{"href":"https:\/\/robinasteyer.com\/index.php\/wp-json\/wp\/v2\/types\/page"}],"author":[{"embeddable":true,"href":"https:\/\/robinasteyer.com\/index.php\/wp-json\/wp\/v2\/users\/1"}],"replies":[{"embeddable":true,"href":"https:\/\/robinasteyer.com\/index.php\/wp-json\/wp\/v2\/comments?post=31"}],"version-history":[{"count":41,"href":"https:\/\/robinasteyer.com\/index.php\/wp-json\/wp\/v2\/pages\/31\/revisions"}],"predecessor-version":[{"id":608,"href":"https:\/\/robinasteyer.com\/index.php\/wp-json\/wp\/v2\/pages\/31\/revisions\/608"}],"wp:featuredmedia":[{"embeddable":true,"href":"https:\/\/robinasteyer.com\/index.php\/wp-json\/wp\/v2\/media\/522"}],"wp:attachment":[{"href":"https:\/\/robinasteyer.com\/index.php\/wp-json\/wp\/v2\/media?parent=31"}],"curies":[{"name":"wp","href":"https:\/\/api.w.org\/{rel}","templated":true}]}}