{"id":436,"date":"2022-08-31T13:19:20","date_gmt":"2022-08-31T13:19:20","guid":{"rendered":"https:\/\/robinasteyer.com\/?page_id=436"},"modified":"2023-01-25T12:25:36","modified_gmt":"2023-01-25T12:25:36","slug":"tanz","status":"publish","type":"page","link":"https:\/\/robinasteyer.com\/index.php\/tanz\/","title":{"rendered":"Tanz"},"content":{"rendered":"\n<figure class=\"wp-block-image size-large is-resized\"><img loading=\"lazy\" decoding=\"async\" src=\"https:\/\/robinasteyer.com\/wp-content\/uploads\/2022\/09\/\u00a9Johannes-Franke-1024x683.jpg\" alt=\"\" class=\"wp-image-500\" width=\"795\" height=\"529\" srcset=\"https:\/\/robinasteyer.com\/wp-content\/uploads\/2022\/09\/\u00a9Johannes-Franke-1024x683.jpg 1024w, https:\/\/robinasteyer.com\/wp-content\/uploads\/2022\/09\/\u00a9Johannes-Franke-300x200.jpg 300w, https:\/\/robinasteyer.com\/wp-content\/uploads\/2022\/09\/\u00a9Johannes-Franke-768x512.jpg 768w, https:\/\/robinasteyer.com\/wp-content\/uploads\/2022\/09\/\u00a9Johannes-Franke.jpg 1500w\" sizes=\"auto, (max-width: 795px) 100vw, 795px\" \/><figcaption class=\"wp-element-caption\">                                             \u00a9Johannes Franke<\/figcaption><\/figure>\n\n\n\n<p class=\"has-text-align-left\">Robina Steyer war in der Spielzeit Spielzeit 2013 bis 2018 Solistin am Theater St. Gallen unter der Direktion von Beate Vollack. Sie arbeitete mit Choreografen wie Felix Landerer, Helge Letonja, Roland Savkovic, Jonathan Huor, Jonathan Lunn, Marcel Lehmann, Matjash Mrozewski, Melissa King, Adam Cooper, Yuki Mori, Cathy Marston, Louisa Rachedi, Pablo Sansalvador, Malcom Sutherland, Ian Whalen, Joseph Hernandez und Daniel Hay-Gordon zusammen.<\/p>\n\n\n\n<p><strong><a href=\"https:\/\/www.youtube.com\/watch?v=EUkf7J9_-JI\">Trailer<\/a> <\/strong><\/p>\n\n\n\n<p>In den Jahren zuvor war Robina Solistin am Theater L\u00fcneburg unter der Leitung von Olaf Schmidt, Francisco Sanchez und Miguel Cartagena.<\/p>\n\n\n\n<p>Sie tanzte ausserdem am Stadttheater Giessen, an der Deutschen Oper am Rhein D\u00fcsseldorf und an der Oper Bonn. Dort tanzte sie Choreografien von Ariela Siegert, Tarek Assam, Massimo Gerardi, Nick Hobbs, Jason Jacobs, Henrik Kaalund, Vera Sander und David Williams.<\/p>\n\n\n\n<p>2016 tanzte und sang Robina die Hauptrolle der &#171;Agrippina&#187; im R\u00f6misch Germanischen Museum K\u00f6ln unter der k\u00fcnstlerischen Leitung von Bibiana Jim\u00e9nez. Ausserdem performte sie f\u00fcr die Kompanie Rotes Velo in St. Gallen.<\/p>\n\n\n\n<figure class=\"wp-block-gallery has-nested-images columns-default is-cropped wp-block-gallery-1 is-layout-flex wp-block-gallery-is-layout-flex\">\n<figure class=\"wp-block-image size-large is-style-default\"><img loading=\"lazy\" decoding=\"async\" width=\"1024\" height=\"683\" data-id=\"496\" src=\"https:\/\/robinasteyer.com\/wp-content\/uploads\/2022\/09\/lost-connection-3-head-1024x683.jpg\" alt=\"\" class=\"wp-image-496\" srcset=\"https:\/\/robinasteyer.com\/wp-content\/uploads\/2022\/09\/lost-connection-3-head-1024x683.jpg 1024w, https:\/\/robinasteyer.com\/wp-content\/uploads\/2022\/09\/lost-connection-3-head-300x200.jpg 300w, https:\/\/robinasteyer.com\/wp-content\/uploads\/2022\/09\/lost-connection-3-head-768x512.jpg 768w, https:\/\/robinasteyer.com\/wp-content\/uploads\/2022\/09\/lost-connection-3-head-1536x1024.jpg 1536w, https:\/\/robinasteyer.com\/wp-content\/uploads\/2022\/09\/lost-connection-3-head-2048x1365.jpg 2048w, https:\/\/robinasteyer.com\/wp-content\/uploads\/2022\/09\/lost-connection-3-head-1568x1045.jpg 1568w\" sizes=\"auto, (max-width: 1024px) 100vw, 1024px\" \/><figcaption class=\"wp-element-caption\">\u00a9A.Domjani\u0107 in Vaduz Classic Trio Jens Trachsel; Pascal Sangl und Robina Steyer <\/figcaption><\/figure>\n<\/figure>\n\n\n\n<figure class=\"wp-block-gallery has-nested-images columns-default is-cropped wp-block-gallery-2 is-layout-flex wp-block-gallery-is-layout-flex\">\n<figure class=\"wp-block-image size-large\"><img loading=\"lazy\" decoding=\"async\" width=\"683\" height=\"1024\" data-id=\"497\" src=\"https:\/\/robinasteyer.com\/wp-content\/uploads\/2022\/09\/Robina-Beat-Belser-floorjump-683x1024.jpg\" alt=\"\" class=\"wp-image-497\" srcset=\"https:\/\/robinasteyer.com\/wp-content\/uploads\/2022\/09\/Robina-Beat-Belser-floorjump-683x1024.jpg 683w, https:\/\/robinasteyer.com\/wp-content\/uploads\/2022\/09\/Robina-Beat-Belser-floorjump-200x300.jpg 200w, https:\/\/robinasteyer.com\/wp-content\/uploads\/2022\/09\/Robina-Beat-Belser-floorjump-768x1152.jpg 768w, https:\/\/robinasteyer.com\/wp-content\/uploads\/2022\/09\/Robina-Beat-Belser-floorjump-1024x1536.jpg 1024w, https:\/\/robinasteyer.com\/wp-content\/uploads\/2022\/09\/Robina-Beat-Belser-floorjump-1365x2048.jpg 1365w, https:\/\/robinasteyer.com\/wp-content\/uploads\/2022\/09\/Robina-Beat-Belser-floorjump-1568x2352.jpg 1568w, https:\/\/robinasteyer.com\/wp-content\/uploads\/2022\/09\/Robina-Beat-Belser-floorjump-scaled.jpg 1707w\" sizes=\"auto, (max-width: 683px) 100vw, 683px\" \/><figcaption class=\"wp-element-caption\">\u00a9Beat Besser @ Theater St.Gallen<\/figcaption><\/figure>\n<\/figure>\n\n\n\n<p>&nbsp;&nbsp;&nbsp;&nbsp;&nbsp;&nbsp;&nbsp;&nbsp;&nbsp;&nbsp;&nbsp;&nbsp;&nbsp;&nbsp;&nbsp;&nbsp;&nbsp;&nbsp;&nbsp;&nbsp;&nbsp;&nbsp;&nbsp;&nbsp;&nbsp;&nbsp;&nbsp;&nbsp;&nbsp;&nbsp;&nbsp;&nbsp;&nbsp;&nbsp;&nbsp;&nbsp;&nbsp;<\/p>\n\n\n\n<p>&nbsp;<\/p>\n\n\n\n<figure class=\"wp-block-gallery has-nested-images columns-default is-cropped wp-block-gallery-3 is-layout-flex wp-block-gallery-is-layout-flex\">\n<figure class=\"wp-block-image size-large\"><img loading=\"lazy\" decoding=\"async\" width=\"683\" height=\"1024\" data-id=\"532\" src=\"https:\/\/robinasteyer.com\/wp-content\/uploads\/2023\/01\/@-Caroline-Staeger-2022-AF575-187-1-683x1024.jpg\" alt=\"\" class=\"wp-image-532\" srcset=\"https:\/\/robinasteyer.com\/wp-content\/uploads\/2023\/01\/@-Caroline-Staeger-2022-AF575-187-1-683x1024.jpg 683w, https:\/\/robinasteyer.com\/wp-content\/uploads\/2023\/01\/@-Caroline-Staeger-2022-AF575-187-1-200x300.jpg 200w, https:\/\/robinasteyer.com\/wp-content\/uploads\/2023\/01\/@-Caroline-Staeger-2022-AF575-187-1-768x1152.jpg 768w, https:\/\/robinasteyer.com\/wp-content\/uploads\/2023\/01\/@-Caroline-Staeger-2022-AF575-187-1-1024x1536.jpg 1024w, https:\/\/robinasteyer.com\/wp-content\/uploads\/2023\/01\/@-Caroline-Staeger-2022-AF575-187-1-1365x2048.jpg 1365w, https:\/\/robinasteyer.com\/wp-content\/uploads\/2023\/01\/@-Caroline-Staeger-2022-AF575-187-1-1568x2352.jpg 1568w, https:\/\/robinasteyer.com\/wp-content\/uploads\/2023\/01\/@-Caroline-Staeger-2022-AF575-187-1-scaled.jpg 1707w\" sizes=\"auto, (max-width: 683px) 100vw, 683px\" \/><figcaption class=\"wp-element-caption\">\u00a9Caroline Staeger<\/figcaption><\/figure>\n<\/figure>\n","protected":false},"excerpt":{"rendered":"<p>Robina Steyer war in der Spielzeit Spielzeit 2013 bis 2018 Solistin am Theater St. Gallen unter der Direktion von Beate Vollack. Sie arbeitete mit Choreografen wie Felix Landerer, Helge Letonja, Roland Savkovic, Jonathan Huor, Jonathan Lunn, Marcel Lehmann, Matjash Mrozewski, Melissa King, Adam Cooper, Yuki Mori, Cathy Marston, Louisa Rachedi, Pablo Sansalvador, Malcom Sutherland, Ian&hellip; <a class=\"more-link\" href=\"https:\/\/robinasteyer.com\/index.php\/tanz\/\">Continue reading <span class=\"screen-reader-text\">Tanz<\/span><\/a><\/p>\n","protected":false},"author":2,"featured_media":0,"parent":0,"menu_order":0,"comment_status":"closed","ping_status":"closed","template":"","meta":{"footnotes":""},"class_list":["post-436","page","type-page","status-publish","hentry","entry"],"yoast_head":"<!-- This site is optimized with the Yoast SEO plugin v27.4 - https:\/\/yoast.com\/product\/yoast-seo-wordpress\/ -->\n<title>Tanz - Robina Steyer<\/title>\n<meta name=\"robots\" content=\"index, follow, max-snippet:-1, max-image-preview:large, max-video-preview:-1\" \/>\n<link rel=\"canonical\" href=\"https:\/\/robinasteyer.com\/index.php\/tanz\/\" \/>\n<meta property=\"og:locale\" content=\"de_DE\" \/>\n<meta property=\"og:type\" content=\"article\" \/>\n<meta property=\"og:title\" content=\"Tanz - Robina Steyer\" \/>\n<meta property=\"og:description\" content=\"Robina Steyer war in der Spielzeit Spielzeit 2013 bis 2018 Solistin am Theater St. Gallen unter der Direktion von Beate Vollack. Sie arbeitete mit Choreografen wie Felix Landerer, Helge Letonja, Roland Savkovic, Jonathan Huor, Jonathan Lunn, Marcel Lehmann, Matjash Mrozewski, Melissa King, Adam Cooper, Yuki Mori, Cathy Marston, Louisa Rachedi, Pablo Sansalvador, Malcom Sutherland, Ian&hellip; Continue reading Tanz\" \/>\n<meta property=\"og:url\" content=\"https:\/\/robinasteyer.com\/index.php\/tanz\/\" \/>\n<meta property=\"og:site_name\" content=\"Robina Steyer\" \/>\n<meta property=\"article:modified_time\" content=\"2023-01-25T12:25:36+00:00\" \/>\n<meta property=\"og:image\" content=\"https:\/\/robinasteyer.com\/wp-content\/uploads\/2022\/09\/lost-connection-3-head-1024x683.jpg\" \/>\n<meta name=\"twitter:card\" content=\"summary_large_image\" \/>\n<meta name=\"twitter:label1\" content=\"Gesch\u00e4tzte Lesezeit\" \/>\n\t<meta name=\"twitter:data1\" content=\"2\u00a0Minuten\" \/>\n<script type=\"application\/ld+json\" class=\"yoast-schema-graph\">{\"@context\":\"https:\\\/\\\/schema.org\",\"@graph\":[{\"@type\":\"WebPage\",\"@id\":\"https:\\\/\\\/robinasteyer.com\\\/index.php\\\/tanz\\\/\",\"url\":\"https:\\\/\\\/robinasteyer.com\\\/index.php\\\/tanz\\\/\",\"name\":\"Tanz - Robina Steyer\",\"isPartOf\":{\"@id\":\"https:\\\/\\\/robinasteyer.com\\\/#website\"},\"primaryImageOfPage\":{\"@id\":\"https:\\\/\\\/robinasteyer.com\\\/index.php\\\/tanz\\\/#primaryimage\"},\"image\":{\"@id\":\"https:\\\/\\\/robinasteyer.com\\\/index.php\\\/tanz\\\/#primaryimage\"},\"thumbnailUrl\":\"https:\\\/\\\/robinasteyer.com\\\/wp-content\\\/uploads\\\/2022\\\/09\\\/lost-connection-3-head-1024x683.jpg\",\"datePublished\":\"2022-08-31T13:19:20+00:00\",\"dateModified\":\"2023-01-25T12:25:36+00:00\",\"breadcrumb\":{\"@id\":\"https:\\\/\\\/robinasteyer.com\\\/index.php\\\/tanz\\\/#breadcrumb\"},\"inLanguage\":\"de-CH\",\"potentialAction\":[{\"@type\":\"ReadAction\",\"target\":[\"https:\\\/\\\/robinasteyer.com\\\/index.php\\\/tanz\\\/\"]}]},{\"@type\":\"ImageObject\",\"inLanguage\":\"de-CH\",\"@id\":\"https:\\\/\\\/robinasteyer.com\\\/index.php\\\/tanz\\\/#primaryimage\",\"url\":\"https:\\\/\\\/robinasteyer.com\\\/wp-content\\\/uploads\\\/2022\\\/09\\\/lost-connection-3-head-scaled.jpg\",\"contentUrl\":\"https:\\\/\\\/robinasteyer.com\\\/wp-content\\\/uploads\\\/2022\\\/09\\\/lost-connection-3-head-scaled.jpg\",\"width\":2560,\"height\":1707},{\"@type\":\"BreadcrumbList\",\"@id\":\"https:\\\/\\\/robinasteyer.com\\\/index.php\\\/tanz\\\/#breadcrumb\",\"itemListElement\":[{\"@type\":\"ListItem\",\"position\":1,\"name\":\"Home\",\"item\":\"https:\\\/\\\/robinasteyer.com\\\/\"},{\"@type\":\"ListItem\",\"position\":2,\"name\":\"Tanz\"}]},{\"@type\":\"WebSite\",\"@id\":\"https:\\\/\\\/robinasteyer.com\\\/#website\",\"url\":\"https:\\\/\\\/robinasteyer.com\\\/\",\"name\":\"Robina Steyer\",\"description\":\"\",\"potentialAction\":[{\"@type\":\"SearchAction\",\"target\":{\"@type\":\"EntryPoint\",\"urlTemplate\":\"https:\\\/\\\/robinasteyer.com\\\/?s={search_term_string}\"},\"query-input\":{\"@type\":\"PropertyValueSpecification\",\"valueRequired\":true,\"valueName\":\"search_term_string\"}}],\"inLanguage\":\"de-CH\"}]}<\/script>\n<!-- \/ Yoast SEO plugin. -->","yoast_head_json":{"title":"Tanz - Robina Steyer","robots":{"index":"index","follow":"follow","max-snippet":"max-snippet:-1","max-image-preview":"max-image-preview:large","max-video-preview":"max-video-preview:-1"},"canonical":"https:\/\/robinasteyer.com\/index.php\/tanz\/","og_locale":"de_DE","og_type":"article","og_title":"Tanz - Robina Steyer","og_description":"Robina Steyer war in der Spielzeit Spielzeit 2013 bis 2018 Solistin am Theater St. Gallen unter der Direktion von Beate Vollack. Sie arbeitete mit Choreografen wie Felix Landerer, Helge Letonja, Roland Savkovic, Jonathan Huor, Jonathan Lunn, Marcel Lehmann, Matjash Mrozewski, Melissa King, Adam Cooper, Yuki Mori, Cathy Marston, Louisa Rachedi, Pablo Sansalvador, Malcom Sutherland, Ian&hellip; Continue reading Tanz","og_url":"https:\/\/robinasteyer.com\/index.php\/tanz\/","og_site_name":"Robina Steyer","article_modified_time":"2023-01-25T12:25:36+00:00","og_image":[{"url":"https:\/\/robinasteyer.com\/wp-content\/uploads\/2022\/09\/lost-connection-3-head-1024x683.jpg","type":"","width":"","height":""}],"twitter_card":"summary_large_image","twitter_misc":{"Gesch\u00e4tzte Lesezeit":"2\u00a0Minuten"},"schema":{"@context":"https:\/\/schema.org","@graph":[{"@type":"WebPage","@id":"https:\/\/robinasteyer.com\/index.php\/tanz\/","url":"https:\/\/robinasteyer.com\/index.php\/tanz\/","name":"Tanz - Robina Steyer","isPartOf":{"@id":"https:\/\/robinasteyer.com\/#website"},"primaryImageOfPage":{"@id":"https:\/\/robinasteyer.com\/index.php\/tanz\/#primaryimage"},"image":{"@id":"https:\/\/robinasteyer.com\/index.php\/tanz\/#primaryimage"},"thumbnailUrl":"https:\/\/robinasteyer.com\/wp-content\/uploads\/2022\/09\/lost-connection-3-head-1024x683.jpg","datePublished":"2022-08-31T13:19:20+00:00","dateModified":"2023-01-25T12:25:36+00:00","breadcrumb":{"@id":"https:\/\/robinasteyer.com\/index.php\/tanz\/#breadcrumb"},"inLanguage":"de-CH","potentialAction":[{"@type":"ReadAction","target":["https:\/\/robinasteyer.com\/index.php\/tanz\/"]}]},{"@type":"ImageObject","inLanguage":"de-CH","@id":"https:\/\/robinasteyer.com\/index.php\/tanz\/#primaryimage","url":"https:\/\/robinasteyer.com\/wp-content\/uploads\/2022\/09\/lost-connection-3-head-scaled.jpg","contentUrl":"https:\/\/robinasteyer.com\/wp-content\/uploads\/2022\/09\/lost-connection-3-head-scaled.jpg","width":2560,"height":1707},{"@type":"BreadcrumbList","@id":"https:\/\/robinasteyer.com\/index.php\/tanz\/#breadcrumb","itemListElement":[{"@type":"ListItem","position":1,"name":"Home","item":"https:\/\/robinasteyer.com\/"},{"@type":"ListItem","position":2,"name":"Tanz"}]},{"@type":"WebSite","@id":"https:\/\/robinasteyer.com\/#website","url":"https:\/\/robinasteyer.com\/","name":"Robina Steyer","description":"","potentialAction":[{"@type":"SearchAction","target":{"@type":"EntryPoint","urlTemplate":"https:\/\/robinasteyer.com\/?s={search_term_string}"},"query-input":{"@type":"PropertyValueSpecification","valueRequired":true,"valueName":"search_term_string"}}],"inLanguage":"de-CH"}]}},"_links":{"self":[{"href":"https:\/\/robinasteyer.com\/index.php\/wp-json\/wp\/v2\/pages\/436","targetHints":{"allow":["GET"]}}],"collection":[{"href":"https:\/\/robinasteyer.com\/index.php\/wp-json\/wp\/v2\/pages"}],"about":[{"href":"https:\/\/robinasteyer.com\/index.php\/wp-json\/wp\/v2\/types\/page"}],"author":[{"embeddable":true,"href":"https:\/\/robinasteyer.com\/index.php\/wp-json\/wp\/v2\/users\/2"}],"replies":[{"embeddable":true,"href":"https:\/\/robinasteyer.com\/index.php\/wp-json\/wp\/v2\/comments?post=436"}],"version-history":[{"count":11,"href":"https:\/\/robinasteyer.com\/index.php\/wp-json\/wp\/v2\/pages\/436\/revisions"}],"predecessor-version":[{"id":533,"href":"https:\/\/robinasteyer.com\/index.php\/wp-json\/wp\/v2\/pages\/436\/revisions\/533"}],"wp:attachment":[{"href":"https:\/\/robinasteyer.com\/index.php\/wp-json\/wp\/v2\/media?parent=436"}],"curies":[{"name":"wp","href":"https:\/\/api.w.org\/{rel}","templated":true}]}}